{"id":106,"date":"2024-11-28T16:06:50","date_gmt":"2024-11-28T16:06:50","guid":{"rendered":"https:\/\/actieveinversionesbolivia.com\/profiteadigitalbolivia\/?page_id=106"},"modified":"2024-11-28T23:10:30","modified_gmt":"2024-11-28T23:10:30","slug":"nosotros","status":"publish","type":"page","link":"https:\/\/actieveinversionesbolivia.com\/profiteadigitalbolivia\/nosotros\/","title":{"rendered":"Nosotros"},"content":{"rendered":"\n<div class=\"wp-block-uagb-container uagb-block-3b0612b3 alignfull uagb-is-root-container\"><div class=\"uagb-container-inner-blocks-wrap\">\n<div class=\"wp-block-uagb-advanced-heading uagb-block-348ab397\"><h1 class=\"uagb-heading-text\">NOSOTROS<\/h1><\/div>\n<\/div><\/div>\n\n\n\n<div class=\"wp-block-uagb-container uagb-block-afd9e308 alignfull uagb-is-root-container\"><div class=\"uagb-container-inner-blocks-wrap\">\n<div class=\"wp-block-uagb-container uagb-block-44217ecb\">\n<figure class=\"wp-block-image size-large is-resized\"><img fetchpriority=\"high\" decoding=\"async\" width=\"1024\" height=\"1024\" src=\"https:\/\/actieveinversionesbolivia.com\/profiteadigitalbolivia\/wp-content\/uploads\/2024\/11\/LOGO-NEGEO-1024x1024.png\" alt=\"\" class=\"wp-image-165\" style=\"width:380px\" srcset=\"https:\/\/actieveinversionesbolivia.com\/profiteadigitalbolivia\/wp-content\/uploads\/2024\/11\/LOGO-NEGEO-1024x1024.png 1024w, https:\/\/actieveinversionesbolivia.com\/profiteadigitalbolivia\/wp-content\/uploads\/2024\/11\/LOGO-NEGEO-300x300.png 300w, https:\/\/actieveinversionesbolivia.com\/profiteadigitalbolivia\/wp-content\/uploads\/2024\/11\/LOGO-NEGEO-100x100.png 100w, https:\/\/actieveinversionesbolivia.com\/profiteadigitalbolivia\/wp-content\/uploads\/2024\/11\/LOGO-NEGEO-600x600.png 600w, https:\/\/actieveinversionesbolivia.com\/profiteadigitalbolivia\/wp-content\/uploads\/2024\/11\/LOGO-NEGEO-150x150.png 150w, https:\/\/actieveinversionesbolivia.com\/profiteadigitalbolivia\/wp-content\/uploads\/2024\/11\/LOGO-NEGEO-768x768.png 768w, https:\/\/actieveinversionesbolivia.com\/profiteadigitalbolivia\/wp-content\/uploads\/2024\/11\/LOGO-NEGEO.png 1080w\" sizes=\"(max-width: 1024px) 100vw, 1024px\" \/><\/figure>\n<\/div>\n\n\n\n<div class=\"wp-block-uagb-container uagb-block-9999ae58\">\n<div class=\"wp-block-uagb-info-box uagb-block-4f90a40b uagb-infobox__content-wrap  uagb-infobox-icon-above-title uagb-infobox-image-valign-top\"><div class=\"uagb-ifb-content\"><div class=\"uagb-ifb-title-wrap\"><h2 class=\"uagb-ifb-title\">Vivir del Trading<\/h2><\/div><p class=\"uagb-ifb-desc\">Somos una academia comprometida con ofrecer formaci\u00f3n de alta calidad en trading, ayudando a nuestros estudiantes a alcanzar sus objetivos financieros a trav\u00e9s de estrategias efectivas y conocimientos pr\u00e1cticos. Con a\u00f1os de experiencia en clases presenciales en La Paz, Bolivia, ahora hemos expandido nuestro alcance para ofrecer <strong>CURSOS ONLINE<\/strong>, brindando la misma excelencia a quienes no pueden asistir presencialmente o no disponen de tiempo.<\/p><\/div><\/div>\n<\/div>\n<\/div><\/div>\n\n\n\n<div class=\"wp-block-uagb-container uagb-block-359b2885 alignfull uagb-is-root-container\"><div class=\"uagb-container-inner-blocks-wrap\">\n<div class=\"wp-block-uagb-container uagb-block-51955511\">\n<div class=\"wp-block-uagb-info-box uagb-block-6a5b17d7 uagb-infobox__content-wrap  uagb-infobox-icon-above-title uagb-infobox-image-valign-top\"><div class=\"uagb-ifb-content\"><div class=\"uagb-ifb-icon-wrap\"><svg xmlns=\"https:\/\/www.w3.org\/2000\/svg\" viewBox=\"0 0 576 512\"><path d=\"M287.1 0C305.7 0 320 14.33 320 32V160C320 177.7 305.7 192 287.1 192C270.3 192 255.1 177.7 255.1 160V109.3L54.63 310.6C42.13 323.1 21.87 323.1 9.372 310.6C-3.124 298.1-3.124 277.9 9.372 265.4L210.7 64H159.1C142.3 64 127.1 49.67 127.1 32C127.1 14.33 142.3 0 159.1 0H287.1zM576 80C576 106.5 554.5 128 528 128C501.5 128 480 106.5 480 80C480 53.49 501.5 32 528 32C554.5 32 576 53.49 576 80zM448 208C448 234.5 426.5 256 400 256C373.5 256 352 234.5 352 208C352 181.5 373.5 160 400 160C426.5 160 448 181.5 448 208zM352 336C352 309.5 373.5 288 400 288C426.5 288 448 309.5 448 336C448 362.5 426.5 384 400 384C373.5 384 352 362.5 352 336zM448 464C448 490.5 426.5 512 400 512C373.5 512 352 490.5 352 464C352 437.5 373.5 416 400 416C426.5 416 448 437.5 448 464zM576 464C576 490.5 554.5 512 528 512C501.5 512 480 490.5 480 464C480 437.5 501.5 416 528 416C554.5 416 576 437.5 576 464zM223.1 336C223.1 309.5 245.5 288 271.1 288C298.5 288 320 309.5 320 336C320 362.5 298.5 384 271.1 384C245.5 384 223.1 362.5 223.1 336zM320 464C320 490.5 298.5 512 271.1 512C245.5 512 223.1 490.5 223.1 464C223.1 437.5 245.5 416 271.1 416C298.5 416 320 437.5 320 464zM95.1 464C95.1 437.5 117.5 416 143.1 416C170.5 416 191.1 437.5 191.1 464C191.1 490.5 170.5 512 143.1 512C117.5 512 95.1 490.5 95.1 464zM576 336C576 362.5 554.5 384 528 384C501.5 384 480 362.5 480 336C480 309.5 501.5 288 528 288C554.5 288 576 309.5 576 336zM480 208C480 181.5 501.5 160 528 160C554.5 160 576 181.5 576 208C576 234.5 554.5 256 528 256C501.5 256 480 234.5 480 208z\"><\/path><\/svg><\/div><div class=\"uagb-ifb-title-wrap\"><h3 class=\"uagb-ifb-title\">Misi\u00f3n<\/h3><\/div><p class=\"uagb-ifb-desc\">Formar traders responsables y exitosos a trav\u00e9s de una educaci\u00f3n accesible, pr\u00e1ctica y actualizada, apoyando el crecimiento personal y financiero de nuestros estudiantes.<\/p><\/div><\/div>\n<\/div>\n\n\n\n<div class=\"wp-block-uagb-info-box uagb-block-6357b71e uagb-infobox__content-wrap  uagb-infobox-icon-above-title uagb-infobox-image-valign-top\"><div class=\"uagb-ifb-content\"><div class=\"uagb-ifb-icon-wrap\"><svg xmlns=\"https:\/\/www.w3.org\/2000\/svg\" viewBox=\"0 0 640 512\"><path d=\"M480 192H592C618.5 192 640 213.5 640 240V464C640 490.5 618.5 512 592 512H48C21.49 512 0 490.5 0 464V144C0 117.5 21.49 96 48 96H64V24C64 10.75 74.75 0 88 0C101.3 0 112 10.75 112 24V96H176V24C176 10.75 186.7 0 200 0C213.3 0 224 10.75 224 24V96H288V48C288 21.49 309.5 0 336 0H432C458.5 0 480 21.49 480 48V192zM576 368C576 359.2 568.8 352 560 352H528C519.2 352 512 359.2 512 368V400C512 408.8 519.2 416 528 416H560C568.8 416 576 408.8 576 400V368zM240 416C248.8 416 256 408.8 256 400V368C256 359.2 248.8 352 240 352H208C199.2 352 192 359.2 192 368V400C192 408.8 199.2 416 208 416H240zM128 368C128 359.2 120.8 352 112 352H80C71.16 352 64 359.2 64 368V400C64 408.8 71.16 416 80 416H112C120.8 416 128 408.8 128 400V368zM528 256C519.2 256 512 263.2 512 272V304C512 312.8 519.2 320 528 320H560C568.8 320 576 312.8 576 304V272C576 263.2 568.8 256 560 256H528zM256 176C256 167.2 248.8 160 240 160H208C199.2 160 192 167.2 192 176V208C192 216.8 199.2 224 208 224H240C248.8 224 256 216.8 256 208V176zM80 160C71.16 160 64 167.2 64 176V208C64 216.8 71.16 224 80 224H112C120.8 224 128 216.8 128 208V176C128 167.2 120.8 160 112 160H80zM256 272C256 263.2 248.8 256 240 256H208C199.2 256 192 263.2 192 272V304C192 312.8 199.2 320 208 320H240C248.8 320 256 312.8 256 304V272zM112 320C120.8 320 128 312.8 128 304V272C128 263.2 120.8 256 112 256H80C71.16 256 64 263.2 64 272V304C64 312.8 71.16 320 80 320H112zM416 272C416 263.2 408.8 256 400 256H368C359.2 256 352 263.2 352 272V304C352 312.8 359.2 320 368 320H400C408.8 320 416 312.8 416 304V272zM368 64C359.2 64 352 71.16 352 80V112C352 120.8 359.2 128 368 128H400C408.8 128 416 120.8 416 112V80C416 71.16 408.8 64 400 64H368zM416 176C416 167.2 408.8 160 400 160H368C359.2 160 352 167.2 352 176V208C352 216.8 359.2 224 368 224H400C408.8 224 416 216.8 416 208V176z\"><\/path><\/svg><\/div><div class=\"uagb-ifb-title-wrap\"><h3 class=\"uagb-ifb-title\">Visi\u00f3n<\/h3><\/div><p class=\"uagb-ifb-desc\">Convertirnos en la academia de trading l\u00edder en Bolivia y Latinoam\u00e9rica, capacitando a traders independientes y exitosos en los mercados globales.<\/p><\/div><\/div>\n<\/div><\/div>\n","protected":false},"excerpt":{"rendered":"<p>NOSOTROS<\/p>\n","protected":false},"author":1,"featured_media":0,"parent":0,"menu_order":0,"comment_status":"closed","ping_status":"closed","template":"","meta":{"pmpro_default_level":"","_uag_custom_page_level_css":"","site-sidebar-layout":"default","site-content-layout":"","ast-site-content-layout":"","site-content-style":"default","site-sidebar-style":"default","ast-global-header-display":"","ast-banner-title-visibility":"","ast-main-header-display":"","ast-hfb-above-header-display":"","ast-hfb-below-header-display":"","ast-hfb-mobile-header-display":"","site-post-title":"disabled","ast-breadcrumbs-content":"","ast-featured-img":"","footer-sml-layout":"","ast-disable-related-posts":"","theme-transparent-header-meta":"","adv-header-id-meta":"","stick-header-meta":"","header-above-stick-meta":"","header-main-stick-meta":"","header-below-stick-meta":"","astra-migrate-meta-layouts":"default","ast-page-background-enabled":"default","ast-page-background-meta":{"desktop":{"background-color":"var(--ast-global-color-4)","background-image":"","background-repeat":"repeat","background-position":"center center","background-size":"auto","background-attachment":"scroll","background-type":"","background-media":"","overlay-type":"","overlay-color":"","overlay-opacity":"","overlay-gradient":""},"tablet":{"background-color":"","background-image":"","background-repeat":"repeat","background-position":"center center","background-size":"auto","background-attachment":"scroll","background-type":"","background-media":"","overlay-type":"","overlay-color":"","overlay-opacity":"","overlay-gradient":""},"mobile":{"background-color":"","background-image":"","background-repeat":"repeat","background-position":"center center","background-size":"auto","background-attachment":"scroll","background-type":"","background-media":"","overlay-type":"","overlay-color":"","overlay-opacity":"","overlay-gradient":""}},"ast-content-background-meta":{"desktop":{"background-color":"var(--ast-global-color-5)","background-image":"","background-repeat":"repeat","background-position":"center center","background-size":"auto","background-attachment":"scroll","background-type":"","background-media":"","overlay-type":"","overlay-color":"","overlay-opacity":"","overlay-gradient":""},"tablet":{"background-color":"var(--ast-global-color-5)","background-image":"","background-repeat":"repeat","background-position":"center center","background-size":"auto","background-attachment":"scroll","background-type":"","background-media":"","overlay-type":"","overlay-color":"","overlay-opacity":"","overlay-gradient":""},"mobile":{"background-color":"var(--ast-global-color-5)","background-image":"","background-repeat":"repeat","background-position":"center center","background-size":"auto","background-attachment":"scroll","background-type":"","background-media":"","overlay-type":"","overlay-color":"","overlay-opacity":"","overlay-gradient":""}},"footnotes":""},"class_list":["post-106","page","type-page","status-publish","hentry","pmpro-has-access"],"aioseo_notices":[],"uagb_featured_image_src":{"full":false,"thumbnail":false,"medium":false,"medium_large":false,"large":false,"1536x1536":false,"2048x2048":false,"mailpoet_newsletter_max":false,"woocommerce_thumbnail":false,"woocommerce_single":false,"woocommerce_gallery_thumbnail":false},"uagb_author_info":{"display_name":"profiteadifitalbolivia","author_link":"https:\/\/actieveinversionesbolivia.com\/profiteadigitalbolivia\/author\/profiteadifitalbolivia\/"},"uagb_comment_info":0,"uagb_excerpt":"NOSOTROS","_links":{"self":[{"href":"https:\/\/actieveinversionesbolivia.com\/profiteadigitalbolivia\/wp-json\/wp\/v2\/pages\/106","targetHints":{"allow":["GET"]}}],"collection":[{"href":"https:\/\/actieveinversionesbolivia.com\/profiteadigitalbolivia\/wp-json\/wp\/v2\/pages"}],"about":[{"href":"https:\/\/actieveinversionesbolivia.com\/profiteadigitalbolivia\/wp-json\/wp\/v2\/types\/page"}],"author":[{"embeddable":true,"href":"https:\/\/actieveinversionesbolivia.com\/profiteadigitalbolivia\/wp-json\/wp\/v2\/users\/1"}],"replies":[{"embeddable":true,"href":"https:\/\/actieveinversionesbolivia.com\/profiteadigitalbolivia\/wp-json\/wp\/v2\/comments?post=106"}],"version-history":[{"count":3,"href":"https:\/\/actieveinversionesbolivia.com\/profiteadigitalbolivia\/wp-json\/wp\/v2\/pages\/106\/revisions"}],"predecessor-version":[{"id":168,"href":"https:\/\/actieveinversionesbolivia.com\/profiteadigitalbolivia\/wp-json\/wp\/v2\/pages\/106\/revisions\/168"}],"wp:attachment":[{"href":"https:\/\/actieveinversionesbolivia.com\/profiteadigitalbolivia\/wp-json\/wp\/v2\/media?parent=106"}],"curies":[{"name":"wp","href":"https:\/\/api.w.org\/{rel}","templated":true}]}}